{"id":47,"date":"2020-11-04T12:56:47","date_gmt":"2020-11-04T11:56:47","guid":{"rendered":"https:\/\/restaurantmontmar.com\/?page_id=47"},"modified":"2025-07-18T09:08:39","modified_gmt":"2025-07-18T07:08:39","slug":"about","status":"publish","type":"page","link":"https:\/\/restaurantmontmar.com\/?page_id=47","title":{"rendered":"Sobre nosaltres"},"content":{"rendered":"\t\t<div data-elementor-type=\"wp-page\" data-elementor-id=\"47\" class=\"elementor elementor-47\">\n\t\t\t\t<div class=\"aux-parallax-section elementor-element elementor-element-8a35a37 e-flex e-con-boxed e-con e-parent\" data-id=\"8a35a37\" data-element_type=\"container\">\n\t\t\t\t\t<div class=\"e-con-inner\">\n\t\t<div class=\"elementor-element elementor-element-f3b4d95 e-con-full e-flex e-con e-child\" data-id=\"f3b4d95\" data-element_type=\"container\">\n\t\t\t\t<div class=\"elementor-element elementor-element-9af117c aux-appear-watch-animation aux-mask-from-left elementor-widget elementor-widget-aux_image\" data-id=\"9af117c\" data-element_type=\"widget\" data-widget_type=\"aux_image.default\">\n\t\t\t\t<div class=\"elementor-widget-container\">\n\t\t\t\t\t<section class=\"widget-container aux-widget-image aux-alignnone aux-parent-au0ed9a0b0\">\n    <div class=\"aux-media-hint-frame \">\n        <div class=\"aux-media-image \" >\n        \n            \n\n            \n            <img decoding=\"async\" src=\"https:\/\/restaurantmontmar.com\/wp-content\/uploads\/2025\/07\/Captura-de-pantalla-2025-07-18-a-las-8.22.46.png\" alt=\"Captura de pantalla 2025-07-18 a las 8.22.46\" \/>            \n                <\/div>\n    <\/div>\n\n<\/section><!-- widget-container -->\t\t\t\t<\/div>\n\t\t\t\t<\/div>\n\t\t\t\t<div class=\"elementor-element elementor-element-eeeb4db aux-appear-watch-animation aux-mask-from-left elementor-widget elementor-widget-aux_image\" data-id=\"eeeb4db\" data-element_type=\"widget\" data-widget_type=\"aux_image.default\">\n\t\t\t\t<div class=\"elementor-widget-container\">\n\t\t\t\t\t<section class=\"widget-container aux-widget-image aux-alignnone aux-parent-au2249efc7\">\n    <div class=\"aux-media-hint-frame \">\n        <div class=\"aux-media-image \" >\n        \n            \n\n            \n            <img decoding=\"async\" src=\"https:\/\/restaurantmontmar.com\/wp-content\/uploads\/2025\/07\/Captura-de-pantalla-2025-07-18-a-las-8.24.20.png\" alt=\"Captura de pantalla 2025-07-18 a las 8.24.20\" \/>            \n                <\/div>\n    <\/div>\n\n<\/section><!-- widget-container -->\t\t\t\t<\/div>\n\t\t\t\t<\/div>\n\t\t\t\t<\/div>\n\t\t<div class=\"elementor-element elementor-element-d20d817 e-con-full e-flex e-con e-child\" data-id=\"d20d817\" data-element_type=\"container\">\n\t\t\t\t<div class=\"elementor-element elementor-element-6778e90 aux-appear-watch-animation aux-slide-from-bot elementor-widget elementor-widget-aux_modern_heading\" data-id=\"6778e90\" data-element_type=\"widget\" data-widget_type=\"aux_modern_heading.default\">\n\t\t\t\t<div class=\"elementor-widget-container\">\n\t\t\t\t\t<section class=\"aux-widget-modern-heading\">\n            <div class=\"aux-widget-inner\"><h5 class=\"aux-modern-heading-primary\">Qu\u00ed som?<\/h5><h3 class=\"aux-modern-heading-secondary\"><span class=\"aux-head-highlight\">Benvinguts\/des a\u00a0Montmar<\/span><\/h3><div class=\"aux-modern-heading-description\"><p class=\"ds-markdown-paragraph\">Un rac\u00f3 gastron\u00f2mic on la tradici\u00f3, la qualitat i el bon ambient es troben per oferir-te una experi\u00e8ncia \u00fanica.<\/p><p class=\"ds-markdown-paragraph\">Som un equip amb\u00a0<strong>arrels profundes<\/strong>\u00a0en la cuina de sempre, per\u00f2 amb el cor obert als sabors i tend\u00e8ncies d\u2019avui. El nostre objectiu \u00e9s senzill: que cada plat que surti de la nostra cuina et transporti a casa, amb el\u00a0<strong>sabor aut\u00e8ntic dels productes frescos<\/strong>\u00a0i el tracte proper que ens defineix.<\/p><p class=\"ds-markdown-paragraph\"><strong>El nostre comprom\u00eds:<\/strong><br \/>\u2714 Cuinem amb\u00a0<strong>productes locals i de temporada<\/strong>.<br \/>\u2714 La\u00a0<strong>brasa \u00e9s art<\/strong>: cada pe\u00e7a de carn es prepara amb cura i dedicaci\u00f3.<br \/>\u2714 Creiem en el\u00a0<strong>menjar fet amb amor<\/strong>, des dels esmorzars de forquilla fins als \u00e0pats compartits.<br \/>\u2714 T\u2019oferim un\u00a0<strong>espai acollidor<\/strong>, tant per a un caf\u00e8 al mat\u00ed com per a celebracions amb els teus.<\/p><p class=\"ds-markdown-paragraph\">El\u00a0<strong>Montmar<\/strong>\u00a0\u00e9s m\u00e9s que un restaurant: \u00e9s un punt de trobada on els clients es converteixen en amics. Vine a con\u00e8ixer-nos i gaudeix de la\u00a0<strong>veritable cuina de casa<\/strong>, en un ambient familiar i ple de vida.<\/p><p class=\"ds-markdown-paragraph\"><em>\u2014 L\u2019equip del Montmar<\/em><\/p><\/div><\/div>\n        <\/section>\t\t\t\t<\/div>\n\t\t\t\t<\/div>\n\t\t\t\t<\/div>\n\t\t\t\t\t<\/div>\n\t\t\t\t<\/div>\n\t\t<div class=\"aux-parallax-section elementor-element elementor-element-5c71723 e-flex e-con-boxed e-con e-parent\" data-id=\"5c71723\" data-element_type=\"container\">\n\t\t\t\t\t<div class=\"e-con-inner\">\n\t\t<div class=\"elementor-element elementor-element-34833e9 e-con-full e-flex e-con e-child\" data-id=\"34833e9\" data-element_type=\"container\" data-settings=\"{&quot;background_background&quot;:&quot;classic&quot;}\">\n\t\t\t\t<div class=\"elementor-element elementor-element-30053d0 aux-appear-watch-animation aux-slide-from-bot elementor-widget elementor-widget-aux_modern_heading\" data-id=\"30053d0\" data-element_type=\"widget\" data-widget_type=\"aux_modern_heading.default\">\n\t\t\t\t<div class=\"elementor-widget-container\">\n\t\t\t\t\t<section class=\"aux-widget-modern-heading\">\n            <div class=\"aux-widget-inner\"><h2 class=\"aux-modern-heading-primary\">Vine a visitar-nos<\/h2><div class=\"aux-modern-heading-description\"><p>Estem al C\u00e0mping Vila Village<\/p><\/div><\/div>\n        <\/section>\t\t\t\t<\/div>\n\t\t\t\t<\/div>\n\t\t\t\t<\/div>\n\t\t\t\t\t<\/div>\n\t\t\t\t<\/div>\n\t\t\t\t<\/div>\n\t\t","protected":false},"excerpt":{"rendered":"<p>Qu\u00ed som? Benvinguts\/des a\u00a0Montmar Un rac\u00f3 gastron\u00f2mic on la tradici\u00f3, la qualitat i el bon ambient es troben per oferir-te una experi\u00e8ncia \u00fanica. Som un equip amb\u00a0arrels profundes\u00a0en la cuina de sempre, per\u00f2 amb el cor obert als sabors i tend\u00e8ncies d\u2019avui. El nostre objectiu \u00e9s senzill: que cada plat que surti de la nostra [&hellip;]<\/p>\n","protected":false},"author":1,"featured_media":0,"parent":0,"menu_order":0,"comment_status":"closed","ping_status":"closed","template":"templates\/page-builder-content.php","meta":{"footnotes":""},"class_list":["post-47","page","type-page","status-publish","hentry"],"_links":{"self":[{"href":"https:\/\/restaurantmontmar.com\/index.php?rest_route=\/wp\/v2\/pages\/47","targetHints":{"allow":["GET"]}}],"collection":[{"href":"https:\/\/restaurantmontmar.com\/index.php?rest_route=\/wp\/v2\/pages"}],"about":[{"href":"https:\/\/restaurantmontmar.com\/index.php?rest_route=\/wp\/v2\/types\/page"}],"author":[{"embeddable":true,"href":"https:\/\/restaurantmontmar.com\/index.php?rest_route=\/wp\/v2\/users\/1"}],"replies":[{"embeddable":true,"href":"https:\/\/restaurantmontmar.com\/index.php?rest_route=%2Fwp%2Fv2%2Fcomments&post=47"}],"version-history":[{"count":4,"href":"https:\/\/restaurantmontmar.com\/index.php?rest_route=\/wp\/v2\/pages\/47\/revisions"}],"predecessor-version":[{"id":115,"href":"https:\/\/restaurantmontmar.com\/index.php?rest_route=\/wp\/v2\/pages\/47\/revisions\/115"}],"wp:attachment":[{"href":"https:\/\/restaurantmontmar.com\/index.php?rest_route=%2Fwp%2Fv2%2Fmedia&parent=47"}],"curies":[{"name":"wp","href":"https:\/\/api.w.org\/{rel}","templated":true}]}}